{"id":9,"date":"2018-02-12T09:55:29","date_gmt":"2018-02-12T08:55:29","guid":{"rendered":"https:\/\/www.the-flow.at\/popsockets\/?page_id=9"},"modified":"2025-02-15T08:10:41","modified_gmt":"2025-02-15T07:10:41","slug":"startseite","status":"publish","type":"page","link":"https:\/\/union-trading.at\/popsockets\/","title":{"rendered":"Startseite"},"content":{"rendered":"<div id=\"pl-9\"  class=\"panel-layout\" ><div id=\"pg-9-0\"  class=\"panel-grid panel-has-style\" ><div class=\"align-item-center panel-row-style panel-row-style-for-9-0\" ><div id=\"pgc-9-0-0\"  class=\"panel-grid-cell\" ><div id=\"panel-9-0-0-0\" class=\"so-panel widget widget_siteorigin-panels-builder panel-first-child panel-last-child\" data-index=\"0\" ><div class=\"white-shadow panel-widget-style panel-widget-style-for-9-0-0-0\" ><div id=\"pl-w5df9ff6c4db54\"  class=\"panel-layout\" ><div id=\"pg-w5df9ff6c4db54-0\"  class=\"panel-grid panel-no-style\" ><div id=\"pgc-w5df9ff6c4db54-0-0\"  class=\"panel-grid-cell\" ><div id=\"panel-w5df9ff6c4db54-0-0-0\" class=\"so-panel widget widget_sow-image panel-first-child panel-last-child\" data-index=\"0\" ><div class=\"panel-widget-style panel-widget-style-for-w5df9ff6c4db54-0-0-0\" ><div\n\t\t\t\n\t\t\tclass=\"so-widget-sow-image so-widget-sow-image-default-a258e6bfa2d8\"\n\t\t\t\n\t\t>\n\n<div class=\"sow-image-container\">\n\t\t<img loading=\"lazy\" decoding=\"async\" src=\"https:\/\/union-trading.at\/popsockets\/wp-content\/uploads\/sites\/2\/2018\/06\/little2-721x768.jpg\" width=\"721\" height=\"768\" srcset=\"https:\/\/union-trading.at\/popsockets\/wp-content\/uploads\/sites\/2\/2018\/06\/little2-721x768.jpg 721w, https:\/\/union-trading.at\/popsockets\/wp-content\/uploads\/sites\/2\/2018\/06\/little2-768x818.jpg 768w, https:\/\/union-trading.at\/popsockets\/wp-content\/uploads\/sites\/2\/2018\/06\/little2-1353x1440.jpg 1353w, https:\/\/union-trading.at\/popsockets\/wp-content\/uploads\/sites\/2\/2018\/06\/little2.jpg 1503w\" sizes=\"(max-width: 721px) 100vw, 721px\" alt=\"Mehrere Smartphones mit aufgesetztem Popsocket\" \t\tclass=\"so-widget-image\"\/>\n\t<\/div>\n\n<\/div><\/div><\/div><\/div><div id=\"pgc-w5df9ff6c4db54-0-1\"  class=\"panel-grid-cell\" ><div id=\"panel-w5df9ff6c4db54-0-1-0\" class=\"so-panel widget widget_sow-editor panel-first-child\" data-index=\"1\" ><div\n\t\t\t\n\t\t\tclass=\"so-widget-sow-editor so-widget-sow-editor-base\"\n\t\t\t\n\t\t>\n<div class=\"siteorigin-widget-tinymce textwidget\">\n\t<h1 style=\"text-align: center\">Willkommen bei PopSockets!<\/h1>\n<p style=\"text-align: center\">Mit dem stylischen Smartphone Accessoir liegst du voll im Trend! Einmal auf der R\u00fcckseite befestigt, liegt dein Smartphone nicht nur besser und sicherer in der Hand, du kannst es mit dem PopSockets auch ganz einfach hinstellen. Und das nicht nur beim Tippen oder Fotografieren, sondern auch beim Video schauen und Mails schreiben.<\/p>\n<\/div>\n<\/div><\/div><div id=\"panel-w5df9ff6c4db54-0-1-1\" class=\"so-panel widget widget_sow-button panel-last-child\" data-index=\"2\" ><div\n\t\t\t\n\t\t\tclass=\"so-widget-sow-button so-widget-sow-button-flat-4332860cdfef\"\n\t\t\t\n\t\t><div class=\"ow-button-base ow-button-align-center\">\n\t<a\n\thref=\"https:\/\/union-trading.at\/popsockets\/ueber-popsockets\/\"\n\t\tclass=\"ow-icon-placement-right ow-button-hover\" \t>\n\t\t<span>\n\t\t\t\n\t\t\tPOPSOCKETS kennenlernen\t\t<\/span>\n\t<\/a>\n<\/div>\n<\/div><\/div><\/div><\/div><\/div><\/div><\/div><\/div><div id=\"pgc-9-0-1\"  class=\"panel-grid-cell\" ><div id=\"panel-9-0-1-0\" class=\"so-panel widget widget_sow-image panel-first-child panel-last-child\" data-index=\"1\" ><div class=\"parallax panel-widget-style panel-widget-style-for-9-0-1-0\" id=\"topimage\" ><div\n\t\t\t\n\t\t\tclass=\"so-widget-sow-image so-widget-sow-image-default-6ec9e3772f75-9\"\n\t\t\t\n\t\t>\n\n<div class=\"sow-image-container\">\n\t\t<img loading=\"lazy\" decoding=\"async\" src=\"https:\/\/union-trading.at\/popsockets\/wp-content\/uploads\/sites\/2\/2018\/06\/Unicone_Lifestyle2-768x595.jpg\" width=\"768\" height=\"595\" srcset=\"https:\/\/union-trading.at\/popsockets\/wp-content\/uploads\/sites\/2\/2018\/06\/Unicone_Lifestyle2-768x595.jpg 768w, https:\/\/union-trading.at\/popsockets\/wp-content\/uploads\/sites\/2\/2018\/06\/Unicone_Lifestyle2-1440x1115.jpg 1440w\" sizes=\"(max-width: 768px) 100vw, 768px\" title=\"PopSockets Unicone\" alt=\"\" \t\tclass=\"so-widget-image\"\/>\n\t<\/div>\n\n<\/div><\/div><\/div><\/div><\/div><\/div><div id=\"pg-9-1\"  class=\"panel-grid panel-no-style\" ><div id=\"pgc-9-1-0\"  class=\"panel-grid-cell panel-grid-cell-empty\" ><\/div><div id=\"pgc-9-1-1\"  class=\"panel-grid-cell panel-grid-cell-mobile-last\" ><div id=\"panel-9-1-1-0\" class=\"so-panel widget widget_sow-editor panel-first-child panel-last-child\" data-index=\"2\" ><div\n\t\t\t\n\t\t\tclass=\"so-widget-sow-editor so-widget-sow-editor-base\"\n\t\t\t\n\t\t>\n<div class=\"siteorigin-widget-tinymce textwidget\">\n\t<h2>Popsockets die Nr. 1!<\/h2>\n<p>PopSockets sind das Nr. 1 Smartphone Accessoire aus den USA. Falls du noch gar nicht wei\u00dft, was PopSockets alles k\u00f6nnen und wie sie funktionieren findest du <a href=\"https:\/\/www.union-trading.at\/popsockets\/wp-content\/uploads\/2018\/06\/How-to-mount-19mb.mp4\">hier<\/a> viele Tricks und Hinweise.<\/p>\n<p>Einen besonderen Service bieten wir f\u00fcr all jene an, die es noch individueller m\u00f6gen! Wir bedrucken PopSockets mit deinen Logos, Bildern und Texten. Das perfekte Firmengeschenk, Give-away oder kreative Geschenk f\u00fcr Vereine, Feiern und viele andere Anl\u00e4sse. Erfahre mehr unter <a href=\"https:\/\/union-trading.at\/popsockets\/branding\/\">Branding<\/a>!<\/p>\n<p>&nbsp;<\/p>\n<h2>Qualit\u00e4t ist uns besonders wichtig<\/h2>\n<p>PopSockets sind sehr einfach zu befestigen und wieder abzunehmen, einmal montiert halten sie bombenfest und helfen dir, dein Leben leichter zu machen. Willst du sie austauschen, lassen sie sich r\u00fcckstandslos entfernen. Abgenommene PopSockets k\u00f6nnen \u00fcbrigens auch jederzeit wieder an einem deiner Ger\u00e4te angeklebt werden.<\/p>\n<p>So zuverl\u00e4ssig ist nur das Orginal. Sch\u00fctze deine Devices und vertraue nur Popsockets die mit <em>\u00a9PopSockets.com<\/em> gekennzeichnet sind!<\/p>\n<\/div>\n<\/div><\/div><\/div><div id=\"pgc-9-1-2\"  class=\"panel-grid-cell panel-grid-cell-empty\" ><\/div><\/div><div id=\"pg-9-2\"  class=\"panel-grid panel-no-style\" ><div id=\"pgc-9-2-0\"  class=\"panel-grid-cell\" ><div id=\"panel-9-2-0-0\" class=\"so-panel widget widget_siteorigin-panels-builder panel-first-child panel-last-child\" data-index=\"3\" ><div class=\"white-shadow panel-widget-style panel-widget-style-for-9-2-0-0\" ><div id=\"pl-w5b45ecd26b556\"  class=\"panel-layout\" ><div id=\"pg-w5b45ecd26b556-0\"  class=\"panel-grid panel-no-style\" ><div id=\"pgc-w5b45ecd26b556-0-0\"  class=\"panel-grid-cell\" ><div id=\"panel-w5b45ecd26b556-0-0-0\" class=\"so-panel widget widget_sow-image panel-first-child panel-last-child\" data-index=\"0\" ><div\n\t\t\t\n\t\t\tclass=\"so-widget-sow-image so-widget-sow-image-default-a258e6bfa2d8\"\n\t\t\t\n\t\t>\n\n<div class=\"sow-image-container\">\n\t\t<img loading=\"lazy\" decoding=\"async\" src=\"https:\/\/union-trading.at\/popsockets\/wp-content\/uploads\/sites\/2\/2018\/06\/fashion6_3-768x768.jpg\" width=\"768\" height=\"768\" srcset=\"https:\/\/union-trading.at\/popsockets\/wp-content\/uploads\/sites\/2\/2018\/06\/fashion6_3-768x768.jpg 768w, https:\/\/union-trading.at\/popsockets\/wp-content\/uploads\/sites\/2\/2018\/06\/fashion6_3-300x300.jpg 300w, https:\/\/union-trading.at\/popsockets\/wp-content\/uploads\/sites\/2\/2018\/06\/fashion6_3-1440x1440.jpg 1440w, https:\/\/union-trading.at\/popsockets\/wp-content\/uploads\/sites\/2\/2018\/06\/fashion6_3.jpg 2000w\" sizes=\"(max-width: 768px) 100vw, 768px\" alt=\"Smartphone mit Popsocket\" \t\tclass=\"so-widget-image\"\/>\n\t<\/div>\n\n<\/div><\/div><\/div><div id=\"pgc-w5b45ecd26b556-0-1\"  class=\"panel-grid-cell\" ><div id=\"panel-w5b45ecd26b556-0-1-0\" class=\"so-panel widget widget_sow-editor panel-first-child\" data-index=\"1\" ><div\n\t\t\t\n\t\t\tclass=\"so-widget-sow-editor so-widget-sow-editor-base\"\n\t\t\t\n\t\t>\n<div class=\"siteorigin-widget-tinymce textwidget\">\n\t<h3 style=\"text-align: center;\">So<br \/>\nindividuell<br \/>\nsind<br \/>\nPOPSOCKETS<\/h3>\n<\/div>\n<\/div><\/div><div id=\"panel-w5b45ecd26b556-0-1-1\" class=\"so-panel widget widget_sow-button panel-last-child\" data-index=\"2\" ><div\n\t\t\t\n\t\t\tclass=\"so-widget-sow-button so-widget-sow-button-flat-aaebeee17b9c\"\n\t\t\t\n\t\t><div class=\"ow-button-base ow-button-align-center\">\n\t<a\n\thref=\"https:\/\/union-trading.at\/popsockets\/ueber-popsockets\/\"\n\t\tclass=\"ow-icon-placement-left ow-button-hover\" \t>\n\t\t<span>\n\t\t\t<span class=\"sow-icon-fontawesome sow-fas\" data-sow-icon=\"&#xf140;\"\n\t\tstyle=\"color: #ffffff\" \n\t\taria-hidden=\"true\"><\/span>\n\t\t\tPOPSOCKETS kennenlernen\t\t<\/span>\n\t<\/a>\n<\/div>\n<\/div><\/div><\/div><div id=\"pgc-w5b45ecd26b556-0-2\"  class=\"panel-grid-cell\" ><div id=\"panel-w5b45ecd26b556-0-2-0\" class=\"so-panel widget widget_sow-image panel-first-child panel-last-child\" data-index=\"3\" ><div\n\t\t\t\n\t\t\tclass=\"so-widget-sow-image so-widget-sow-image-default-a258e6bfa2d8\"\n\t\t\t\n\t\t>\n\n<div class=\"sow-image-container\">\n\t\t<img loading=\"lazy\" decoding=\"async\" src=\"https:\/\/union-trading.at\/popsockets\/wp-content\/uploads\/sites\/2\/2018\/06\/EasterEMEA-2-768x768.jpg\" width=\"768\" height=\"768\" srcset=\"https:\/\/union-trading.at\/popsockets\/wp-content\/uploads\/sites\/2\/2018\/06\/EasterEMEA-2-768x768.jpg 768w, https:\/\/union-trading.at\/popsockets\/wp-content\/uploads\/sites\/2\/2018\/06\/EasterEMEA-2-300x300.jpg 300w, https:\/\/union-trading.at\/popsockets\/wp-content\/uploads\/sites\/2\/2018\/06\/EasterEMEA-2-1440x1440.jpg 1440w, https:\/\/union-trading.at\/popsockets\/wp-content\/uploads\/sites\/2\/2018\/06\/EasterEMEA-2.jpg 2000w\" sizes=\"(max-width: 768px) 100vw, 768px\" alt=\"Smartphone mit Popsocket\" \t\tclass=\"so-widget-image\"\/>\n\t<\/div>\n\n<\/div><\/div><\/div><div id=\"pgc-w5b45ecd26b556-0-3\"  class=\"panel-grid-cell\" ><div id=\"panel-w5b45ecd26b556-0-3-0\" class=\"so-panel widget widget_sow-image panel-first-child panel-last-child\" data-index=\"4\" ><div\n\t\t\t\n\t\t\tclass=\"so-widget-sow-image so-widget-sow-image-default-a258e6bfa2d8\"\n\t\t\t\n\t\t>\n\n<div class=\"sow-image-container\">\n\t\t<img loading=\"lazy\" decoding=\"async\" src=\"https:\/\/union-trading.at\/popsockets\/wp-content\/uploads\/sites\/2\/2018\/06\/Met-DMD-Purple-Social-Square-2-768x768.jpg\" width=\"768\" height=\"768\" srcset=\"https:\/\/union-trading.at\/popsockets\/wp-content\/uploads\/sites\/2\/2018\/06\/Met-DMD-Purple-Social-Square-2-768x768.jpg 768w, https:\/\/union-trading.at\/popsockets\/wp-content\/uploads\/sites\/2\/2018\/06\/Met-DMD-Purple-Social-Square-2-300x300.jpg 300w, https:\/\/union-trading.at\/popsockets\/wp-content\/uploads\/sites\/2\/2018\/06\/Met-DMD-Purple-Social-Square-2-1440x1440.jpg 1440w, https:\/\/union-trading.at\/popsockets\/wp-content\/uploads\/sites\/2\/2018\/06\/Met-DMD-Purple-Social-Square-2.jpg 2000w\" sizes=\"(max-width: 768px) 100vw, 768px\" alt=\"Smartphone mit Popsocket\" \t\tclass=\"so-widget-image\"\/>\n\t<\/div>\n\n<\/div><\/div><\/div><\/div><\/div><\/div><\/div><\/div><\/div><\/div>","protected":false},"excerpt":{"rendered":"<p>Popsockets die Nr. 1! PopSockets sind das Nr. 1 Smartphone Accessoire aus den USA. Falls du noch gar nicht wei\u00dft, was PopSockets alles k\u00f6nnen und wie sie funktionieren findest du hier viele Tricks und Hinweise. Einen besonderen Service bieten wir f\u00fcr all jene an, die es noch individueller m\u00f6gen! Wir bedrucken PopSockets mit deinen Logos, [&#8230;]<\/p>\n<p><a class=\"btn btn-secondary understrap-read-more-link\" href=\"https:\/\/union-trading.at\/popsockets\/\">Weiterlesen&#8230;<span class=\"screen-reader-text\"> from Startseite<\/span><\/a><\/p>\n","protected":false},"author":1,"featured_media":0,"parent":0,"menu_order":0,"comment_status":"closed","ping_status":"closed","template":"","meta":{"footnotes":""},"yoast_head":"<!-- This site is optimized with the Yoast SEO plugin v22.4 - https:\/\/yoast.com\/wordpress\/plugins\/seo\/ -->\n<title>PopSockets Austria - Wir geben deinem Smartphone mehr Grip!<\/title>\n<meta name=\"description\" content=\"Willkommen bei PopSockets Austria! PopSockets sind das Trend Accessoire f\u00fcr Smartphones, Tablets und Co. Finde heraus wie PopSockets dein Leben verbessern k\u00f6nnen, durchst\u00f6bere unseren Katalog oder gestalte dein eigenes PopSockets.\" \/>\n<meta name=\"robots\" content=\"index, follow, max-snippet:-1, max-image-preview:large, max-video-preview:-1\" \/>\n<link rel=\"canonical\" href=\"https:\/\/union-trading.at\/popsockets\/\" \/>\n<meta property=\"og:locale\" content=\"de_DE\" \/>\n<meta property=\"og:type\" content=\"article\" \/>\n<meta property=\"og:title\" content=\"Willkommen bei PopSockets Austria - Wir geben deinem Smartphone mehr Grip!\" \/>\n<meta property=\"og:description\" content=\"PopSockets sind das Accessoire f\u00fcr Smartphone, Tablet und Co. Finde heraus wie PopSockets funktionieren, welches Design am besten zu deinem Style passt oder gestalte dein eigenes PopSockets!\" \/>\n<meta property=\"og:url\" content=\"https:\/\/union-trading.at\/popsockets\/\" \/>\n<meta property=\"og:site_name\" content=\"Union Trading - Promotional PopSockets\" \/>\n<meta property=\"article:publisher\" content=\"https:\/\/www.facebook.com\/TrendUnionAustria\" \/>\n<meta property=\"article:modified_time\" content=\"2025-02-15T07:10:41+00:00\" \/>\n<meta name=\"twitter:card\" content=\"summary_large_image\" \/>\n<meta name=\"twitter:title\" content=\"Willkommen bei PopSockets Austria - Wir geben deinem Smartphone mehr Grip!\" \/>\n<meta name=\"twitter:description\" content=\"PopSockets sind das Accessoire f\u00fcr Smartphone, Tablet und Co. Finde heraus wie PopSockets funktionieren, welches Design am besten zu deinem Style passt oder gestalte dein eigenes PopSockets!\" \/>\n<meta name=\"twitter:label1\" content=\"Gesch\u00e4tzte Lesezeit\" \/>\n\t<meta name=\"twitter:data1\" content=\"3 Minuten\" \/>\n<script type=\"application\/ld+json\" class=\"yoast-schema-graph\">{\"@context\":\"https:\/\/schema.org\",\"@graph\":[{\"@type\":\"WebPage\",\"@id\":\"https:\/\/union-trading.at\/popsockets\/\",\"url\":\"https:\/\/union-trading.at\/popsockets\/\",\"name\":\"PopSockets Austria - Wir geben deinem Smartphone mehr Grip!\",\"isPartOf\":{\"@id\":\"https:\/\/union-trading.at\/popsockets\/#website\"},\"datePublished\":\"2018-02-12T08:55:29+00:00\",\"dateModified\":\"2025-02-15T07:10:41+00:00\",\"description\":\"Willkommen bei PopSockets Austria! PopSockets sind das Trend Accessoire f\u00fcr Smartphones, Tablets und Co. Finde heraus wie PopSockets dein Leben verbessern k\u00f6nnen, durchst\u00f6bere unseren Katalog oder gestalte dein eigenes PopSockets.\",\"breadcrumb\":{\"@id\":\"https:\/\/union-trading.at\/popsockets\/#breadcrumb\"},\"inLanguage\":\"de-DE\",\"potentialAction\":[{\"@type\":\"ReadAction\",\"target\":[\"https:\/\/union-trading.at\/popsockets\/\"]}]},{\"@type\":\"BreadcrumbList\",\"@id\":\"https:\/\/union-trading.at\/popsockets\/#breadcrumb\",\"itemListElement\":[{\"@type\":\"ListItem\",\"position\":1,\"name\":\"Startseite\",\"item\":\"https:\/\/union-trading.at\/popsockets\/\"},{\"@type\":\"ListItem\",\"position\":2,\"name\":\"Startseite\"}]},{\"@type\":\"WebSite\",\"@id\":\"https:\/\/union-trading.at\/popsockets\/#website\",\"url\":\"https:\/\/union-trading.at\/popsockets\/\",\"name\":\"Union Trading - Promotional PopSockets\",\"description\":\"Popsockets - Union Trading\",\"publisher\":{\"@id\":\"https:\/\/union-trading.at\/popsockets\/#organization\"},\"potentialAction\":[{\"@type\":\"SearchAction\",\"target\":{\"@type\":\"EntryPoint\",\"urlTemplate\":\"https:\/\/union-trading.at\/popsockets\/?s={search_term_string}\"},\"query-input\":\"required name=search_term_string\"}],\"inLanguage\":\"de-DE\"},{\"@type\":\"Organization\",\"@id\":\"https:\/\/union-trading.at\/popsockets\/#organization\",\"name\":\"Union Trading - Promotional PopSockets\",\"url\":\"https:\/\/union-trading.at\/popsockets\/\",\"logo\":{\"@type\":\"ImageObject\",\"inLanguage\":\"de-DE\",\"@id\":\"https:\/\/union-trading.at\/popsockets\/#\/schema\/logo\/image\/\",\"url\":\"https:\/\/union-trading.at\/popsockets\/wp-content\/uploads\/sites\/2\/2018\/06\/popsockets-logo-primary-large.png\",\"contentUrl\":\"https:\/\/union-trading.at\/popsockets\/wp-content\/uploads\/sites\/2\/2018\/06\/popsockets-logo-primary-large.png\",\"width\":1527,\"height\":150,\"caption\":\"Union Trading - Promotional PopSockets\"},\"image\":{\"@id\":\"https:\/\/union-trading.at\/popsockets\/#\/schema\/logo\/image\/\"},\"sameAs\":[\"https:\/\/www.facebook.com\/TrendUnionAustria\",\"https:\/\/www.instagram.com\/trend.union.austria\"]}]}<\/script>\n<!-- \/ Yoast SEO plugin. -->","yoast_head_json":{"title":"PopSockets Austria - Wir geben deinem Smartphone mehr Grip!","description":"Willkommen bei PopSockets Austria! PopSockets sind das Trend Accessoire f\u00fcr Smartphones, Tablets und Co. Finde heraus wie PopSockets dein Leben verbessern k\u00f6nnen, durchst\u00f6bere unseren Katalog oder gestalte dein eigenes PopSockets.","robots":{"index":"index","follow":"follow","max-snippet":"max-snippet:-1","max-image-preview":"max-image-preview:large","max-video-preview":"max-video-preview:-1"},"canonical":"https:\/\/union-trading.at\/popsockets\/","og_locale":"de_DE","og_type":"article","og_title":"Willkommen bei PopSockets Austria - Wir geben deinem Smartphone mehr Grip!","og_description":"PopSockets sind das Accessoire f\u00fcr Smartphone, Tablet und Co. Finde heraus wie PopSockets funktionieren, welches Design am besten zu deinem Style passt oder gestalte dein eigenes PopSockets!","og_url":"https:\/\/union-trading.at\/popsockets\/","og_site_name":"Union Trading - Promotional PopSockets","article_publisher":"https:\/\/www.facebook.com\/TrendUnionAustria","article_modified_time":"2025-02-15T07:10:41+00:00","twitter_card":"summary_large_image","twitter_title":"Willkommen bei PopSockets Austria - Wir geben deinem Smartphone mehr Grip!","twitter_description":"PopSockets sind das Accessoire f\u00fcr Smartphone, Tablet und Co. Finde heraus wie PopSockets funktionieren, welches Design am besten zu deinem Style passt oder gestalte dein eigenes PopSockets!","twitter_misc":{"Gesch\u00e4tzte Lesezeit":"3 Minuten"},"schema":{"@context":"https:\/\/schema.org","@graph":[{"@type":"WebPage","@id":"https:\/\/union-trading.at\/popsockets\/","url":"https:\/\/union-trading.at\/popsockets\/","name":"PopSockets Austria - Wir geben deinem Smartphone mehr Grip!","isPartOf":{"@id":"https:\/\/union-trading.at\/popsockets\/#website"},"datePublished":"2018-02-12T08:55:29+00:00","dateModified":"2025-02-15T07:10:41+00:00","description":"Willkommen bei PopSockets Austria! PopSockets sind das Trend Accessoire f\u00fcr Smartphones, Tablets und Co. Finde heraus wie PopSockets dein Leben verbessern k\u00f6nnen, durchst\u00f6bere unseren Katalog oder gestalte dein eigenes PopSockets.","breadcrumb":{"@id":"https:\/\/union-trading.at\/popsockets\/#breadcrumb"},"inLanguage":"de-DE","potentialAction":[{"@type":"ReadAction","target":["https:\/\/union-trading.at\/popsockets\/"]}]},{"@type":"BreadcrumbList","@id":"https:\/\/union-trading.at\/popsockets\/#breadcrumb","itemListElement":[{"@type":"ListItem","position":1,"name":"Startseite","item":"https:\/\/union-trading.at\/popsockets\/"},{"@type":"ListItem","position":2,"name":"Startseite"}]},{"@type":"WebSite","@id":"https:\/\/union-trading.at\/popsockets\/#website","url":"https:\/\/union-trading.at\/popsockets\/","name":"Union Trading - Promotional PopSockets","description":"Popsockets - Union Trading","publisher":{"@id":"https:\/\/union-trading.at\/popsockets\/#organization"},"potentialAction":[{"@type":"SearchAction","target":{"@type":"EntryPoint","urlTemplate":"https:\/\/union-trading.at\/popsockets\/?s={search_term_string}"},"query-input":"required name=search_term_string"}],"inLanguage":"de-DE"},{"@type":"Organization","@id":"https:\/\/union-trading.at\/popsockets\/#organization","name":"Union Trading - Promotional PopSockets","url":"https:\/\/union-trading.at\/popsockets\/","logo":{"@type":"ImageObject","inLanguage":"de-DE","@id":"https:\/\/union-trading.at\/popsockets\/#\/schema\/logo\/image\/","url":"https:\/\/union-trading.at\/popsockets\/wp-content\/uploads\/sites\/2\/2018\/06\/popsockets-logo-primary-large.png","contentUrl":"https:\/\/union-trading.at\/popsockets\/wp-content\/uploads\/sites\/2\/2018\/06\/popsockets-logo-primary-large.png","width":1527,"height":150,"caption":"Union Trading - Promotional PopSockets"},"image":{"@id":"https:\/\/union-trading.at\/popsockets\/#\/schema\/logo\/image\/"},"sameAs":["https:\/\/www.facebook.com\/TrendUnionAustria","https:\/\/www.instagram.com\/trend.union.austria"]}]}},"_links":{"self":[{"href":"https:\/\/union-trading.at\/popsockets\/wp-json\/wp\/v2\/pages\/9"}],"collection":[{"href":"https:\/\/union-trading.at\/popsockets\/wp-json\/wp\/v2\/pages"}],"about":[{"href":"https:\/\/union-trading.at\/popsockets\/wp-json\/wp\/v2\/types\/page"}],"author":[{"embeddable":true,"href":"https:\/\/union-trading.at\/popsockets\/wp-json\/wp\/v2\/users\/1"}],"replies":[{"embeddable":true,"href":"https:\/\/union-trading.at\/popsockets\/wp-json\/wp\/v2\/comments?post=9"}],"version-history":[{"count":34,"href":"https:\/\/union-trading.at\/popsockets\/wp-json\/wp\/v2\/pages\/9\/revisions"}],"predecessor-version":[{"id":5566,"href":"https:\/\/union-trading.at\/popsockets\/wp-json\/wp\/v2\/pages\/9\/revisions\/5566"}],"wp:attachment":[{"href":"https:\/\/union-trading.at\/popsockets\/wp-json\/wp\/v2\/media?parent=9"}],"curies":[{"name":"wp","href":"https:\/\/api.w.org\/{rel}","templated":true}]}}