{"id":91,"date":"2018-02-12T15:24:50","date_gmt":"2018-02-12T14:24:50","guid":{"rendered":"https:\/\/www.the-flow.at\/popsockets\/?page_id=91"},"modified":"2024-10-10T11:53:11","modified_gmt":"2024-10-10T09:53:11","slug":"ueber-popsockets","status":"publish","type":"page","link":"https:\/\/union-trading.at\/popsockets\/ueber-popsockets\/","title":{"rendered":"PopSockets"},"content":{"rendered":"<div id=\"pl-91\"  class=\"panel-layout\" ><div id=\"pg-91-0\"  class=\"panel-grid panel-has-style\" ><div class=\"white-shadow panel-row-style panel-row-style-for-91-0\" ><div id=\"pgc-91-0-0\"  class=\"panel-grid-cell\" ><div id=\"panel-91-0-0-0\" class=\"so-panel widget widget_sow-editor panel-first-child panel-last-child\" data-index=\"0\" ><div\n\t\t\t\n\t\t\tclass=\"so-widget-sow-editor so-widget-sow-editor-base\"\n\t\t\t\n\t\t>\n<div class=\"siteorigin-widget-tinymce textwidget\">\n\t<p><img loading=\"lazy\" decoding=\"async\" class=\"aligncenter size-medium wp-image-214\" src=\"https:\/\/union-trading.at\/popsockets\/wp-content\/uploads\/sites\/2\/2018\/06\/popsockets_grip-768x768.jpg\" alt=\"\" width=\"768\" height=\"768\" \/><\/p>\n<\/div>\n<\/div><\/div><\/div><div id=\"pgc-91-0-1\"  class=\"panel-grid-cell\" ><div id=\"panel-91-0-1-0\" class=\"so-panel widget widget_sow-editor panel-first-child panel-last-child\" data-index=\"1\" ><div\n\t\t\t\n\t\t\tclass=\"so-widget-sow-editor so-widget-sow-editor-base\"\n\t\t\t\n\t\t>\n<div class=\"siteorigin-widget-tinymce textwidget\">\n\t<p><img loading=\"lazy\" decoding=\"async\" class=\"aligncenter size-medium wp-image-211\" src=\"https:\/\/union-trading.at\/popsockets\/wp-content\/uploads\/sites\/2\/2018\/06\/popsockets_wrap-768x768.jpg\" alt=\"\" width=\"768\" height=\"768\" \/><\/p>\n<\/div>\n<\/div><\/div><\/div><div id=\"pgc-91-0-2\"  class=\"panel-grid-cell\" ><div id=\"panel-91-0-2-0\" class=\"so-panel widget widget_sow-editor panel-first-child panel-last-child\" data-index=\"2\" ><div\n\t\t\t\n\t\t\tclass=\"so-widget-sow-editor so-widget-sow-editor-base\"\n\t\t\t\n\t\t>\n<div class=\"siteorigin-widget-tinymce textwidget\">\n\t<p><img loading=\"lazy\" decoding=\"async\" class=\"aligncenter size-medium wp-image-213\" src=\"https:\/\/union-trading.at\/popsockets\/wp-content\/uploads\/sites\/2\/2018\/06\/popsockets_clip-768x768.jpg\" alt=\"\" width=\"768\" height=\"768\" \/><\/p>\n<\/div>\n<\/div><\/div><\/div><div id=\"pgc-91-0-3\"  class=\"panel-grid-cell\" ><div id=\"panel-91-0-3-0\" class=\"so-panel widget widget_sow-editor panel-first-child panel-last-child\" data-index=\"3\" ><div\n\t\t\t\n\t\t\tclass=\"so-widget-sow-editor so-widget-sow-editor-base\"\n\t\t\t\n\t\t>\n<div class=\"siteorigin-widget-tinymce textwidget\">\n\t<p><img loading=\"lazy\" decoding=\"async\" class=\"aligncenter size-medium wp-image-212\" src=\"https:\/\/union-trading.at\/popsockets\/wp-content\/uploads\/sites\/2\/2018\/06\/popsockets_stand-768x768.jpg\" alt=\"\" width=\"768\" height=\"768\" \/><\/p>\n<\/div>\n<\/div><\/div><\/div><\/div><\/div><div id=\"pg-91-1\"  class=\"panel-grid panel-has-style\" ><div class=\"panel-row-style panel-row-style-for-91-1\" ><div id=\"pgc-91-1-0\"  class=\"panel-grid-cell panel-grid-cell-empty\" ><\/div><div id=\"pgc-91-1-1\"  class=\"panel-grid-cell panel-grid-cell-mobile-last\" ><div id=\"panel-91-1-1-0\" class=\"so-panel widget widget_sow-editor panel-first-child panel-last-child\" data-index=\"4\" ><div\n\t\t\t\n\t\t\tclass=\"so-widget-sow-editor so-widget-sow-editor-base\"\n\t\t\t\n\t\t>\n<div class=\"siteorigin-widget-tinymce textwidget\">\n\t<div class=\"intro\">\n<h1 style=\"text-align: left;\">Das k\u00f6nnen PopGrips von PopSockets<\/h1>\n<\/div>\n<\/div>\n<\/div><\/div><\/div><div id=\"pgc-91-1-2\"  class=\"panel-grid-cell panel-grid-cell-empty\" ><\/div><\/div><\/div><div id=\"pg-91-2\"  class=\"panel-grid panel-no-style\" ><div id=\"pgc-91-2-0\"  class=\"panel-grid-cell panel-grid-cell-empty\" ><\/div><div id=\"pgc-91-2-1\"  class=\"panel-grid-cell\" ><div id=\"panel-91-2-1-0\" class=\"so-panel widget widget_sow-editor panel-first-child\" data-index=\"5\" ><div\n\t\t\t\n\t\t\tclass=\"so-widget-sow-editor so-widget-sow-editor-base\"\n\t\t\t\n\t\t>\n<div class=\"siteorigin-widget-tinymce textwidget\">\n\t<h3>GRIP<\/h3>\n<p>Original PopGrips von PopSockets passen perfekt zu Smartphones. Aber wusstest du schon, dass sie auch an Tablets, eBooks und vielen weiteren Devices befestigt werden k\u00f6nnen?<br \/>\nSchreiben, lesen und Fotos machen, w\u00e4hrend du alles sicher im Griff hast -\u00a0 so sch\u00fctzen PopGrips deine Ger\u00e4te und machen dein Leben leichter.<\/p>\n<\/div>\n<\/div><\/div><div id=\"panel-91-2-1-1\" class=\"so-panel widget widget_sow-editor panel-last-child\" data-index=\"6\" ><div\n\t\t\t\n\t\t\tclass=\"so-widget-sow-editor so-widget-sow-editor-base\"\n\t\t\t\n\t\t>\n<div class=\"siteorigin-widget-tinymce textwidget\">\n\t<h3>WRAP<\/h3>\n<p>Du kannst PopGrips \u00fcbrigens auch verwenden, um deinem Kabelsalat den Kampf anzusagen. Einfach auf der R\u00fcckseite deines Devices zwei PopGrips befestigen und Kopfh\u00f6rer oder Ladekabel herumwickeln. Schon herrscht Ordnung- genial!<\/p>\n<p>&nbsp;<\/p>\n<\/div>\n<\/div><\/div><\/div><div id=\"pgc-91-2-2\"  class=\"panel-grid-cell panel-grid-cell-mobile-last\" ><div id=\"panel-91-2-2-0\" class=\"so-panel widget widget_sow-editor panel-first-child\" data-index=\"7\" ><div\n\t\t\t\n\t\t\tclass=\"so-widget-sow-editor so-widget-sow-editor-base\"\n\t\t\t\n\t\t>\n<div class=\"siteorigin-widget-tinymce textwidget\">\n\t<h3>CLIP<\/h3>\n<p>Mit den zus\u00e4tzlichen Halterungen von PopSockets k\u00f6nnen Smartphones zB im Auto und fast \u00fcberall anders befestigt werden.<br \/>\nDie M\u00f6glichkeiten sind vielf\u00e4ltig, je nach Bedarf gibt es\u00a0 die passende Halterung zur Befestigung des Smartphones. Einfach Smartphone mit PopGrip am entsprechenden PopMount anklipsen. Perfekt!<\/p>\n<\/div>\n<\/div><\/div><div id=\"panel-91-2-2-1\" class=\"so-panel widget widget_sow-editor panel-last-child\" data-index=\"8\" ><div\n\t\t\t\n\t\t\tclass=\"so-widget-sow-editor so-widget-sow-editor-base\"\n\t\t\t\n\t\t>\n<div class=\"siteorigin-widget-tinymce textwidget\">\n\t<h3>STAND<\/h3>\n<p>Begeistere deine Freunde und Kolleginnen indem du dein Smartphone fix auf den Tisch stellst um zusammen Videos zu schauen und Mails zu checken. Kein Rutschen, kein Wackeln, keine Alltagsgegenst\u00e4nde, die zur St\u00fctze umgebaut werden m\u00fcssen. PopGrips sind eben nicht nur stylish, sondern auch superpraktisch und \u00fcberall dabei!<\/p>\n<\/div>\n<\/div><\/div><\/div><div id=\"pgc-91-2-3\"  class=\"panel-grid-cell panel-grid-cell-empty\" ><\/div><\/div><div id=\"pg-91-3\"  class=\"panel-grid panel-has-style\" ><div class=\"white-shadow panel-row-style panel-row-style-for-91-3\" ><div id=\"pgc-91-3-0\"  class=\"panel-grid-cell\" ><div id=\"panel-91-3-0-0\" class=\"so-panel widget widget_sow-editor panel-first-child panel-last-child\" data-index=\"9\" ><div\n\t\t\t\n\t\t\tclass=\"so-widget-sow-editor so-widget-sow-editor-base\"\n\t\t\t\n\t\t>\n<div class=\"siteorigin-widget-tinymce textwidget\">\n\t<p><img loading=\"lazy\" decoding=\"async\" src=\"https:\/\/union-trading.at\/popsockets\/wp-content\/uploads\/sites\/2\/2018\/06\/weihn_backen-768x513.jpg\" alt=\"PopSockets Kekse backen\" width=\"768\" height=\"513\" class=\"alignnone size-medium wp-image-745\" srcset=\"https:\/\/union-trading.at\/popsockets\/wp-content\/uploads\/sites\/2\/2018\/06\/weihn_backen-768x513.jpg 768w, https:\/\/union-trading.at\/popsockets\/wp-content\/uploads\/sites\/2\/2018\/06\/weihn_backen-272x182.jpg 272w, https:\/\/union-trading.at\/popsockets\/wp-content\/uploads\/sites\/2\/2018\/06\/weihn_backen.jpg 1000w\" sizes=\"(max-width: 768px) 100vw, 768px\" \/><\/p>\n<\/div>\n<\/div><\/div><\/div><div id=\"pgc-91-3-1\"  class=\"panel-grid-cell\" ><div id=\"panel-91-3-1-0\" class=\"so-panel widget widget_sow-editor panel-first-child panel-last-child\" data-index=\"10\" ><div\n\t\t\t\n\t\t\tclass=\"so-widget-sow-editor so-widget-sow-editor-base\"\n\t\t\t\n\t\t>\n<div class=\"siteorigin-widget-tinymce textwidget\">\n\t<p><img loading=\"lazy\" decoding=\"async\" class=\"size-medium wp-image-269 aligncenter\" src=\"https:\/\/union-trading.at\/popsockets\/wp-content\/uploads\/sites\/2\/2018\/06\/no_fumble3_print-768x512.jpg\" alt=\"\" width=\"768\" height=\"512\" \/><\/p>\n<\/div>\n<\/div><\/div><\/div><div id=\"pgc-91-3-2\"  class=\"panel-grid-cell\" ><div id=\"panel-91-3-2-0\" class=\"so-panel widget widget_sow-editor panel-first-child panel-last-child\" data-index=\"11\" ><div\n\t\t\t\n\t\t\tclass=\"so-widget-sow-editor so-widget-sow-editor-base\"\n\t\t\t\n\t\t>\n<div class=\"siteorigin-widget-tinymce textwidget\">\n\t<p><img loading=\"lazy\" decoding=\"async\" class=\"size-medium wp-image-268 aligncenter\" src=\"https:\/\/union-trading.at\/popsockets\/wp-content\/uploads\/sites\/2\/2018\/06\/no_banana_web-768x513.jpg\" alt=\"\" width=\"768\" height=\"513\" \/><\/p>\n<\/div>\n<\/div><\/div><\/div><div id=\"pgc-91-3-3\"  class=\"panel-grid-cell\" ><div id=\"panel-91-3-3-0\" class=\"so-panel widget widget_sow-editor panel-first-child panel-last-child\" data-index=\"12\" ><div\n\t\t\t\n\t\t\tclass=\"so-widget-sow-editor so-widget-sow-editor-base\"\n\t\t\t\n\t\t>\n<div class=\"siteorigin-widget-tinymce textwidget\">\n\t<p><img loading=\"lazy\" decoding=\"async\" src=\"https:\/\/union-trading.at\/popsockets\/wp-content\/uploads\/sites\/2\/2019\/02\/selfiegirls.jpg\" alt=\"\" width=\"768\" height=\"513\" class=\"alignnone size-full wp-image-1299\" srcset=\"https:\/\/union-trading.at\/popsockets\/wp-content\/uploads\/sites\/2\/2019\/02\/selfiegirls.jpg 768w, https:\/\/union-trading.at\/popsockets\/wp-content\/uploads\/sites\/2\/2019\/02\/selfiegirls-272x182.jpg 272w\" sizes=\"(max-width: 768px) 100vw, 768px\" \/><\/p>\n<\/div>\n<\/div><\/div><\/div><\/div><\/div><div id=\"pg-91-4\"  class=\"panel-grid panel-has-style\" ><div class=\"branding panel-row-style panel-row-style-for-91-4\" ><div id=\"pgc-91-4-0\"  class=\"panel-grid-cell panel-grid-cell-empty\" ><\/div><div id=\"pgc-91-4-1\"  class=\"panel-grid-cell panel-grid-cell-mobile-last\" ><div id=\"panel-91-4-1-0\" class=\"so-panel widget widget_sow-editor panel-first-child\" data-index=\"13\" ><div\n\t\t\t\n\t\t\tclass=\"so-widget-sow-editor so-widget-sow-editor-base\"\n\t\t\t\n\t\t>\n<div class=\"siteorigin-widget-tinymce textwidget\">\n\t<h2 style=\"text-align: center;\">Hier und jetzt zu individuell gebrandeten PopSockets<\/h2>\n<\/div>\n<\/div><\/div><div id=\"panel-91-4-1-1\" class=\"so-panel widget widget_sow-button panel-last-child\" data-index=\"14\" ><div\n\t\t\t\n\t\t\tclass=\"so-widget-sow-button so-widget-sow-button-flat-a3eb476efeb0-91\"\n\t\t\t\n\t\t><div class=\"ow-button-base ow-button-align-center\">\n\t<a\n\thref=\"https:\/\/union-trading.at\/popsockets\/branding\/\"\n\t\tclass=\"ow-icon-placement-left ow-button-hover\" \t>\n\t\t<span>\n\t\t\t<span class=\"sow-icon-fontawesome sow-fas\" data-sow-icon=\"&#xf140;\"\n\t\tstyle=\"color: #ffffff\" \n\t\taria-hidden=\"true\"><\/span>\n\t\t\tBrand it!\t\t<\/span>\n\t<\/a>\n<\/div>\n<\/div><\/div><\/div><div id=\"pgc-91-4-2\"  class=\"panel-grid-cell panel-grid-cell-empty\" ><\/div><\/div><\/div><\/div>","protected":false},"excerpt":{"rendered":"<p>Das k\u00f6nnen PopGrips von PopSockets [&#8230;]<\/p>\n<p><a class=\"btn btn-secondary understrap-read-more-link\" href=\"https:\/\/union-trading.at\/popsockets\/ueber-popsockets\/\">Weiterlesen&#8230;<span class=\"screen-reader-text\"> from PopSockets<\/span><\/a><\/p>\n","protected":false},"author":1,"featured_media":0,"parent":0,"menu_order":0,"comment_status":"closed","ping_status":"closed","template":"","meta":{"footnotes":""},"yoast_head":"<!-- This site is optimized with the Yoast SEO plugin v22.4 - https:\/\/yoast.com\/wordpress\/plugins\/seo\/ -->\n<title>Was sind PopGrips von PopSockets und wie funktionieren sie?<\/title>\n<meta name=\"description\" content=\"PopSockets PopGrips sind DAS stylische Accessoire f\u00fcr Smartphone, Tablet und viele andere Devices. Einmal auf der R\u00fcckseite deines Ger\u00e4ts befestigt, gibt dir der ausziehbare Knopf optimalen Halt zb beim Texten und Selfies machen. Und sie sind das perfekte Werbemittel f\u00fcr jede Brand.\" \/>\n<meta name=\"robots\" content=\"index, follow, max-snippet:-1, max-image-preview:large, max-video-preview:-1\" \/>\n<link rel=\"canonical\" href=\"https:\/\/union-trading.at\/popsockets\/ueber-popsockets\/\" \/>\n<meta property=\"og:locale\" content=\"de_DE\" \/>\n<meta property=\"og:type\" content=\"article\" \/>\n<meta property=\"og:title\" content=\"Was sind PopSockets und wie verbessern sie dein Leben mit Smartphone?\" \/>\n<meta property=\"og:description\" content=\"Diese stylischen Kn\u00f6pfe geben dir den richtigen Grip beim Texten, Selfies machen und Fotografieren! PopSockets schauen nicht nur gut aus, sie helfen auch, deinen Alltag leichter zu machen. Einmal befestigt halten sie bombenfest auf Handy, Tablet, Mp3Player und vielen mehr.\" \/>\n<meta property=\"og:url\" content=\"https:\/\/union-trading.at\/popsockets\/ueber-popsockets\/\" \/>\n<meta property=\"og:site_name\" content=\"Union Trading - Promotional PopSockets\" \/>\n<meta property=\"article:publisher\" content=\"https:\/\/www.facebook.com\/TrendUnionAustria\" \/>\n<meta property=\"article:modified_time\" content=\"2024-10-10T09:53:11+00:00\" \/>\n<meta property=\"og:image\" content=\"https:\/\/union-trading.at\/popsockets\/wp-content\/uploads\/sites\/2\/2018\/06\/popsockets_grip-768x768.jpg\" \/>\n<meta name=\"twitter:card\" content=\"summary_large_image\" \/>\n<meta name=\"twitter:title\" content=\"Was sind PopSockets und wie verbessern sie dein Leben mit Smartphone?\" \/>\n<meta name=\"twitter:description\" content=\"Diese stylischen Kn\u00f6pfe geben dir den richtigen Grip beim Texten, Selfies machen und Fotografieren! PopSockets schauen nicht nur gut aus, sie helfen auch, deinen Alltag leichter zu machen. Einmal befestigt halten sie bombenfest auf Handy, Tablet, Mp3Player und vielen mehr\" \/>\n<meta name=\"twitter:label1\" content=\"Gesch\u00e4tzte Lesezeit\" \/>\n\t<meta name=\"twitter:data1\" content=\"3 Minuten\" \/>\n<script type=\"application\/ld+json\" class=\"yoast-schema-graph\">{\"@context\":\"https:\/\/schema.org\",\"@graph\":[{\"@type\":\"WebPage\",\"@id\":\"https:\/\/union-trading.at\/popsockets\/ueber-popsockets\/\",\"url\":\"https:\/\/union-trading.at\/popsockets\/ueber-popsockets\/\",\"name\":\"Was sind PopGrips von PopSockets und wie funktionieren sie?\",\"isPartOf\":{\"@id\":\"https:\/\/union-trading.at\/popsockets\/#website\"},\"primaryImageOfPage\":{\"@id\":\"https:\/\/union-trading.at\/popsockets\/ueber-popsockets\/#primaryimage\"},\"image\":{\"@id\":\"https:\/\/union-trading.at\/popsockets\/ueber-popsockets\/#primaryimage\"},\"thumbnailUrl\":\"https:\/\/union-trading.at\/popsockets\/wp-content\/uploads\/sites\/2\/2018\/06\/popsockets_grip-768x768.jpg\",\"datePublished\":\"2018-02-12T14:24:50+00:00\",\"dateModified\":\"2024-10-10T09:53:11+00:00\",\"description\":\"PopSockets PopGrips sind DAS stylische Accessoire f\u00fcr Smartphone, Tablet und viele andere Devices. Einmal auf der R\u00fcckseite deines Ger\u00e4ts befestigt, gibt dir der ausziehbare Knopf optimalen Halt zb beim Texten und Selfies machen. Und sie sind das perfekte Werbemittel f\u00fcr jede Brand.\",\"breadcrumb\":{\"@id\":\"https:\/\/union-trading.at\/popsockets\/ueber-popsockets\/#breadcrumb\"},\"inLanguage\":\"de-DE\",\"potentialAction\":[{\"@type\":\"ReadAction\",\"target\":[\"https:\/\/union-trading.at\/popsockets\/ueber-popsockets\/\"]}]},{\"@type\":\"ImageObject\",\"inLanguage\":\"de-DE\",\"@id\":\"https:\/\/union-trading.at\/popsockets\/ueber-popsockets\/#primaryimage\",\"url\":\"https:\/\/union-trading.at\/popsockets\/wp-content\/uploads\/sites\/2\/2018\/06\/popsockets_grip.jpg\",\"contentUrl\":\"https:\/\/union-trading.at\/popsockets\/wp-content\/uploads\/sites\/2\/2018\/06\/popsockets_grip.jpg\",\"width\":1000,\"height\":1000,\"caption\":\"PopSockets Grip\"},{\"@type\":\"BreadcrumbList\",\"@id\":\"https:\/\/union-trading.at\/popsockets\/ueber-popsockets\/#breadcrumb\",\"itemListElement\":[{\"@type\":\"ListItem\",\"position\":1,\"name\":\"Startseite\",\"item\":\"https:\/\/union-trading.at\/popsockets\/\"},{\"@type\":\"ListItem\",\"position\":2,\"name\":\"PopSockets\"}]},{\"@type\":\"WebSite\",\"@id\":\"https:\/\/union-trading.at\/popsockets\/#website\",\"url\":\"https:\/\/union-trading.at\/popsockets\/\",\"name\":\"Union Trading - Promotional PopSockets\",\"description\":\"Popsockets - Union Trading\",\"publisher\":{\"@id\":\"https:\/\/union-trading.at\/popsockets\/#organization\"},\"potentialAction\":[{\"@type\":\"SearchAction\",\"target\":{\"@type\":\"EntryPoint\",\"urlTemplate\":\"https:\/\/union-trading.at\/popsockets\/?s={search_term_string}\"},\"query-input\":\"required name=search_term_string\"}],\"inLanguage\":\"de-DE\"},{\"@type\":\"Organization\",\"@id\":\"https:\/\/union-trading.at\/popsockets\/#organization\",\"name\":\"Union Trading - Promotional PopSockets\",\"url\":\"https:\/\/union-trading.at\/popsockets\/\",\"logo\":{\"@type\":\"ImageObject\",\"inLanguage\":\"de-DE\",\"@id\":\"https:\/\/union-trading.at\/popsockets\/#\/schema\/logo\/image\/\",\"url\":\"https:\/\/union-trading.at\/popsockets\/wp-content\/uploads\/sites\/2\/2018\/06\/popsockets-logo-primary-large.png\",\"contentUrl\":\"https:\/\/union-trading.at\/popsockets\/wp-content\/uploads\/sites\/2\/2018\/06\/popsockets-logo-primary-large.png\",\"width\":1527,\"height\":150,\"caption\":\"Union Trading - Promotional PopSockets\"},\"image\":{\"@id\":\"https:\/\/union-trading.at\/popsockets\/#\/schema\/logo\/image\/\"},\"sameAs\":[\"https:\/\/www.facebook.com\/TrendUnionAustria\",\"https:\/\/www.instagram.com\/trend.union.austria\"]}]}<\/script>\n<!-- \/ Yoast SEO plugin. -->","yoast_head_json":{"title":"Was sind PopGrips von PopSockets und wie funktionieren sie?","description":"PopSockets PopGrips sind DAS stylische Accessoire f\u00fcr Smartphone, Tablet und viele andere Devices. Einmal auf der R\u00fcckseite deines Ger\u00e4ts befestigt, gibt dir der ausziehbare Knopf optimalen Halt zb beim Texten und Selfies machen. Und sie sind das perfekte Werbemittel f\u00fcr jede Brand.","robots":{"index":"index","follow":"follow","max-snippet":"max-snippet:-1","max-image-preview":"max-image-preview:large","max-video-preview":"max-video-preview:-1"},"canonical":"https:\/\/union-trading.at\/popsockets\/ueber-popsockets\/","og_locale":"de_DE","og_type":"article","og_title":"Was sind PopSockets und wie verbessern sie dein Leben mit Smartphone?","og_description":"Diese stylischen Kn\u00f6pfe geben dir den richtigen Grip beim Texten, Selfies machen und Fotografieren! PopSockets schauen nicht nur gut aus, sie helfen auch, deinen Alltag leichter zu machen. Einmal befestigt halten sie bombenfest auf Handy, Tablet, Mp3Player und vielen mehr.","og_url":"https:\/\/union-trading.at\/popsockets\/ueber-popsockets\/","og_site_name":"Union Trading - Promotional PopSockets","article_publisher":"https:\/\/www.facebook.com\/TrendUnionAustria","article_modified_time":"2024-10-10T09:53:11+00:00","og_image":[{"url":"https:\/\/union-trading.at\/popsockets\/wp-content\/uploads\/sites\/2\/2018\/06\/popsockets_grip-768x768.jpg"}],"twitter_card":"summary_large_image","twitter_title":"Was sind PopSockets und wie verbessern sie dein Leben mit Smartphone?","twitter_description":"Diese stylischen Kn\u00f6pfe geben dir den richtigen Grip beim Texten, Selfies machen und Fotografieren! PopSockets schauen nicht nur gut aus, sie helfen auch, deinen Alltag leichter zu machen. Einmal befestigt halten sie bombenfest auf Handy, Tablet, Mp3Player und vielen mehr","twitter_misc":{"Gesch\u00e4tzte Lesezeit":"3 Minuten"},"schema":{"@context":"https:\/\/schema.org","@graph":[{"@type":"WebPage","@id":"https:\/\/union-trading.at\/popsockets\/ueber-popsockets\/","url":"https:\/\/union-trading.at\/popsockets\/ueber-popsockets\/","name":"Was sind PopGrips von PopSockets und wie funktionieren sie?","isPartOf":{"@id":"https:\/\/union-trading.at\/popsockets\/#website"},"primaryImageOfPage":{"@id":"https:\/\/union-trading.at\/popsockets\/ueber-popsockets\/#primaryimage"},"image":{"@id":"https:\/\/union-trading.at\/popsockets\/ueber-popsockets\/#primaryimage"},"thumbnailUrl":"https:\/\/union-trading.at\/popsockets\/wp-content\/uploads\/sites\/2\/2018\/06\/popsockets_grip-768x768.jpg","datePublished":"2018-02-12T14:24:50+00:00","dateModified":"2024-10-10T09:53:11+00:00","description":"PopSockets PopGrips sind DAS stylische Accessoire f\u00fcr Smartphone, Tablet und viele andere Devices. Einmal auf der R\u00fcckseite deines Ger\u00e4ts befestigt, gibt dir der ausziehbare Knopf optimalen Halt zb beim Texten und Selfies machen. Und sie sind das perfekte Werbemittel f\u00fcr jede Brand.","breadcrumb":{"@id":"https:\/\/union-trading.at\/popsockets\/ueber-popsockets\/#breadcrumb"},"inLanguage":"de-DE","potentialAction":[{"@type":"ReadAction","target":["https:\/\/union-trading.at\/popsockets\/ueber-popsockets\/"]}]},{"@type":"ImageObject","inLanguage":"de-DE","@id":"https:\/\/union-trading.at\/popsockets\/ueber-popsockets\/#primaryimage","url":"https:\/\/union-trading.at\/popsockets\/wp-content\/uploads\/sites\/2\/2018\/06\/popsockets_grip.jpg","contentUrl":"https:\/\/union-trading.at\/popsockets\/wp-content\/uploads\/sites\/2\/2018\/06\/popsockets_grip.jpg","width":1000,"height":1000,"caption":"PopSockets Grip"},{"@type":"BreadcrumbList","@id":"https:\/\/union-trading.at\/popsockets\/ueber-popsockets\/#breadcrumb","itemListElement":[{"@type":"ListItem","position":1,"name":"Startseite","item":"https:\/\/union-trading.at\/popsockets\/"},{"@type":"ListItem","position":2,"name":"PopSockets"}]},{"@type":"WebSite","@id":"https:\/\/union-trading.at\/popsockets\/#website","url":"https:\/\/union-trading.at\/popsockets\/","name":"Union Trading - Promotional PopSockets","description":"Popsockets - Union Trading","publisher":{"@id":"https:\/\/union-trading.at\/popsockets\/#organization"},"potentialAction":[{"@type":"SearchAction","target":{"@type":"EntryPoint","urlTemplate":"https:\/\/union-trading.at\/popsockets\/?s={search_term_string}"},"query-input":"required name=search_term_string"}],"inLanguage":"de-DE"},{"@type":"Organization","@id":"https:\/\/union-trading.at\/popsockets\/#organization","name":"Union Trading - Promotional PopSockets","url":"https:\/\/union-trading.at\/popsockets\/","logo":{"@type":"ImageObject","inLanguage":"de-DE","@id":"https:\/\/union-trading.at\/popsockets\/#\/schema\/logo\/image\/","url":"https:\/\/union-trading.at\/popsockets\/wp-content\/uploads\/sites\/2\/2018\/06\/popsockets-logo-primary-large.png","contentUrl":"https:\/\/union-trading.at\/popsockets\/wp-content\/uploads\/sites\/2\/2018\/06\/popsockets-logo-primary-large.png","width":1527,"height":150,"caption":"Union Trading - Promotional PopSockets"},"image":{"@id":"https:\/\/union-trading.at\/popsockets\/#\/schema\/logo\/image\/"},"sameAs":["https:\/\/www.facebook.com\/TrendUnionAustria","https:\/\/www.instagram.com\/trend.union.austria"]}]}},"_links":{"self":[{"href":"https:\/\/union-trading.at\/popsockets\/wp-json\/wp\/v2\/pages\/91"}],"collection":[{"href":"https:\/\/union-trading.at\/popsockets\/wp-json\/wp\/v2\/pages"}],"about":[{"href":"https:\/\/union-trading.at\/popsockets\/wp-json\/wp\/v2\/types\/page"}],"author":[{"embeddable":true,"href":"https:\/\/union-trading.at\/popsockets\/wp-json\/wp\/v2\/users\/1"}],"replies":[{"embeddable":true,"href":"https:\/\/union-trading.at\/popsockets\/wp-json\/wp\/v2\/comments?post=91"}],"version-history":[{"count":29,"href":"https:\/\/union-trading.at\/popsockets\/wp-json\/wp\/v2\/pages\/91\/revisions"}],"predecessor-version":[{"id":5378,"href":"https:\/\/union-trading.at\/popsockets\/wp-json\/wp\/v2\/pages\/91\/revisions\/5378"}],"wp:attachment":[{"href":"https:\/\/union-trading.at\/popsockets\/wp-json\/wp\/v2\/media?parent=91"}],"curies":[{"name":"wp","href":"https:\/\/api.w.org\/{rel}","templated":true}]}}